{"id":40,"date":"2024-08-08T08:42:32","date_gmt":"2024-08-08T06:42:32","guid":{"rendered":"https:\/\/buerglergertrud.ch\/cms\/?page_id=40"},"modified":"2025-07-27T12:01:39","modified_gmt":"2025-07-27T10:01:39","slug":"kontakt","status":"publish","type":"page","link":"https:\/\/buerglergertrud.ch\/cms\/","title":{"rendered":"Kontakt"},"content":{"rendered":"\t\t<div data-elementor-type=\"wp-page\" data-elementor-id=\"40\" class=\"elementor elementor-40\">\n\t\t\t\t<div class=\"elementor-element elementor-element-9d3dda1 e-flex e-con-boxed e-con e-parent\" data-id=\"9d3dda1\" data-element_type=\"container\" data-e-type=\"container\">\n\t\t\t\t\t<div class=\"e-con-inner\">\n\t\t\t\t<div class=\"elementor-element elementor-element-df305f4 elementor-widget elementor-widget-image\" data-id=\"df305f4\" data-element_type=\"widget\" data-e-type=\"widget\" data-widget_type=\"image.default\">\n\t\t\t\t<div class=\"elementor-widget-container\">\n\t\t\t\t\t\t\t\t\t\t\t\t\t\t\t<img fetchpriority=\"high\" decoding=\"async\" width=\"960\" height=\"165\" src=\"https:\/\/buerglergertrud.ch\/cms\/wp-content\/uploads\/2024\/08\/28037-image002.jpg\" class=\"attachment-large size-large wp-image-48\" alt=\"\" srcset=\"https:\/\/buerglergertrud.ch\/cms\/wp-content\/uploads\/2024\/08\/28037-image002.jpg 960w, https:\/\/buerglergertrud.ch\/cms\/wp-content\/uploads\/2024\/08\/28037-image002-300x52.jpg 300w, https:\/\/buerglergertrud.ch\/cms\/wp-content\/uploads\/2024\/08\/28037-image002-768x132.jpg 768w\" sizes=\"(max-width: 960px) 100vw, 960px\" \/>\t\t\t\t\t\t\t\t\t\t\t\t\t\t\t<\/div>\n\t\t\t\t<\/div>\n\t\t\t\t\t<\/div>\n\t\t\t\t<\/div>\n\t\t<div class=\"elementor-element elementor-element-1b844bd e-flex e-con-boxed e-con e-parent\" data-id=\"1b844bd\" data-element_type=\"container\" data-e-type=\"container\">\n\t\t\t\t\t<div class=\"e-con-inner\">\n\t\t<div class=\"elementor-element elementor-element-d3ad6a0 e-con-full e-flex e-con e-child\" data-id=\"d3ad6a0\" data-element_type=\"container\" data-e-type=\"container\">\n\t\t\t\t<div class=\"elementor-element elementor-element-a92d29b elementor-widget elementor-widget-heading\" data-id=\"a92d29b\" data-element_type=\"widget\" data-e-type=\"widget\" data-widget_type=\"heading.default\">\n\t\t\t\t<div class=\"elementor-widget-container\">\n\t\t\t\t\t<h2 class=\"elementor-heading-title elementor-size-default\">Kontakt<\/h2>\t\t\t\t<\/div>\n\t\t\t\t<\/div>\n\t\t\t\t<div class=\"elementor-element elementor-element-9cb4a96 elementor-widget__width-initial elementor-widget elementor-widget-text-editor\" data-id=\"9cb4a96\" data-element_type=\"widget\" data-e-type=\"widget\" data-widget_type=\"text-editor.default\">\n\t\t\t\t<div class=\"elementor-widget-container\">\n\t\t\t\t\t\t\t\t\t<div><strong>Trudy\u00a0B\u00fcrgler<\/strong><\/div><div><strong>Luzernerstrasse 52<\/strong><\/div><div><strong>6353 Weggis<\/strong><\/div><div>\u00a0<\/div><div><strong><a href=\"mailto:bu*******@*****in.ch\" data-original-string=\"yt+BpSFD7O92xbE960Pj2w==d23Pwm5VUlJLclm0Ca8z9DODOqEQcNa92fLxkm09vbSdRg=\" title=\"Dieser Kontakt wurde von Anti-Spam by CleanTalk verschl\u00fcsselt. Klicken Sie hier, um ihn zu entschl\u00fcsseln. Sollte der Kontakt danach nicht angezeigt werden, \u00fcberpr\u00fcfen Sie bitte, dass JavaScript in Ihrem Browser aktiviert ist.\" data-cke-saved-href=\"mailto:bu*******@*****in.ch\" data-original-string=\"uTTC\/cQ6ZcVqdBT6vq5KHQ==d231KGC9txUunWNeVw6nDVV4eMA6ulc0JjbgaVJR99MOYU=\" title=\"Dieser Kontakt wurde von Anti-Spam by CleanTalk verschl\u00fcsselt. Klicken Sie hier, um ihn zu entschl\u00fcsseln. Sollte der Kontakt danach nicht angezeigt werden, \u00fcberpr\u00fcfen Sie bitte, dass JavaScript in Ihrem Browser aktiviert ist.\"><span \n                data-original-string='9Ikc+FHjDPaMCszBy7uebg==d23tESyym0SlxHQi6og8W6ZKPHG2zjhkUrhsdyWwcnjVI0='\n                class='apbct-email-encoder'\n                title='Dieser Kontakt wurde von Anti-Spam by CleanTalk verschl\u00fcsselt. Klicken Sie hier, um ihn zu entschl\u00fcsseln. Sollte der Kontakt danach nicht angezeigt werden, \u00fcberpr\u00fcfen Sie bitte, dass JavaScript in Ihrem Browser aktiviert ist.'>bu<span class=\"apbct-blur\">*******<\/span>@<span class=\"apbct-blur\">*****<\/span>in.ch<\/span><\/a><br \/><a href=\"tel:0413902130\">Tel. 041 390 21 30<br \/>Mobile 079 372 97 62<\/a> <\/strong><\/div><div>\u00a0<\/div>\t\t\t\t\t\t\t\t<\/div>\n\t\t\t\t<\/div>\n\t\t\t\t<\/div>\n\t\t<div class=\"elementor-element elementor-element-a2d2dc7 e-con-full e-flex e-con e-child\" data-id=\"a2d2dc7\" data-element_type=\"container\" data-e-type=\"container\">\n\t\t\t\t<div class=\"elementor-element elementor-element-6813644 elementor-widget elementor-widget-image\" data-id=\"6813644\" data-element_type=\"widget\" data-e-type=\"widget\" data-widget_type=\"image.default\">\n\t\t\t\t<div class=\"elementor-widget-container\">\n\t\t\t\t\t\t\t\t\t\t\t\t\t\t\t<img decoding=\"async\" width=\"768\" height=\"1024\" src=\"https:\/\/buerglergertrud.ch\/cms\/wp-content\/uploads\/2025\/07\/Foto-Homepage-Juli-25-weniger-Pixel-768x1024.jpg\" class=\"attachment-large size-large wp-image-161\" alt=\"\" srcset=\"https:\/\/buerglergertrud.ch\/cms\/wp-content\/uploads\/2025\/07\/Foto-Homepage-Juli-25-weniger-Pixel-768x1024.jpg 768w, https:\/\/buerglergertrud.ch\/cms\/wp-content\/uploads\/2025\/07\/Foto-Homepage-Juli-25-weniger-Pixel-225x300.jpg 225w, https:\/\/buerglergertrud.ch\/cms\/wp-content\/uploads\/2025\/07\/Foto-Homepage-Juli-25-weniger-Pixel-1152x1536.jpg 1152w, https:\/\/buerglergertrud.ch\/cms\/wp-content\/uploads\/2025\/07\/Foto-Homepage-Juli-25-weniger-Pixel-1536x2048.jpg 1536w, https:\/\/buerglergertrud.ch\/cms\/wp-content\/uploads\/2025\/07\/Foto-Homepage-Juli-25-weniger-Pixel-scaled.jpg 1920w\" sizes=\"(max-width: 768px) 100vw, 768px\" \/>\t\t\t\t\t\t\t\t\t\t\t\t\t\t\t<\/div>\n\t\t\t\t<\/div>\n\t\t\t\t<\/div>\n\t\t\t\t\t<\/div>\n\t\t\t\t<\/div>\n\t\t\t\t<\/div>\n\t\t","protected":false},"excerpt":{"rendered":"<p>Kontakt Trudy\u00a0B\u00fcrglerLuzernerstrasse 526353 Weggis\u00a0bu*******@*****in.chTel. 041 390 21 30Mobile 079 372 97 62 \u00a0<\/p>\n","protected":false},"author":1,"featured_media":0,"parent":0,"menu_order":0,"comment_status":"closed","ping_status":"closed","template":"page-templates\/template-pagebuilder-full-width.php","meta":{"neve_meta_sidebar":"","neve_meta_container":"","neve_meta_enable_content_width":"","neve_meta_content_width":0,"neve_meta_title_alignment":"","neve_meta_author_avatar":"","neve_post_elements_order":"","neve_meta_disable_header":"","neve_meta_disable_footer":"","neve_meta_disable_title":"","footnotes":""},"class_list":["post-40","page","type-page","status-publish","hentry"],"_links":{"self":[{"href":"https:\/\/buerglergertrud.ch\/cms\/wp-json\/wp\/v2\/pages\/40","targetHints":{"allow":["GET"]}}],"collection":[{"href":"https:\/\/buerglergertrud.ch\/cms\/wp-json\/wp\/v2\/pages"}],"about":[{"href":"https:\/\/buerglergertrud.ch\/cms\/wp-json\/wp\/v2\/types\/page"}],"author":[{"embeddable":true,"href":"https:\/\/buerglergertrud.ch\/cms\/wp-json\/wp\/v2\/users\/1"}],"replies":[{"embeddable":true,"href":"https:\/\/buerglergertrud.ch\/cms\/wp-json\/wp\/v2\/comments?post=40"}],"version-history":[{"count":25,"href":"https:\/\/buerglergertrud.ch\/cms\/wp-json\/wp\/v2\/pages\/40\/revisions"}],"predecessor-version":[{"id":176,"href":"https:\/\/buerglergertrud.ch\/cms\/wp-json\/wp\/v2\/pages\/40\/revisions\/176"}],"wp:attachment":[{"href":"https:\/\/buerglergertrud.ch\/cms\/wp-json\/wp\/v2\/media?parent=40"}],"curies":[{"name":"wp","href":"https:\/\/api.w.org\/{rel}","templated":true}]}}