{"id":57,"date":"2024-08-08T08:55:36","date_gmt":"2024-08-08T06:55:36","guid":{"rendered":"https:\/\/buerglergertrud.ch\/cms\/?page_id=57"},"modified":"2024-08-08T08:57:00","modified_gmt":"2024-08-08T06:57:00","slug":"infos","status":"publish","type":"page","link":"https:\/\/buerglergertrud.ch\/cms\/infos\/","title":{"rendered":"Infos"},"content":{"rendered":"\t\t<div data-elementor-type=\"wp-page\" data-elementor-id=\"57\" class=\"elementor elementor-57\">\n\t\t\t\t<div class=\"elementor-element elementor-element-2467302 e-flex e-con-boxed e-con e-parent\" data-id=\"2467302\" data-element_type=\"container\" data-e-type=\"container\">\n\t\t\t\t\t<div class=\"e-con-inner\">\n\t\t\t\t<div class=\"elementor-element elementor-element-838d725 elementor-widget elementor-widget-image\" data-id=\"838d725\" data-element_type=\"widget\" data-e-type=\"widget\" data-widget_type=\"image.default\">\n\t\t\t\t<div class=\"elementor-widget-container\">\n\t\t\t\t\t\t\t\t\t\t\t\t\t\t\t<img fetchpriority=\"high\" decoding=\"async\" width=\"960\" height=\"165\" src=\"https:\/\/buerglergertrud.ch\/cms\/wp-content\/uploads\/2024\/08\/28037-image002.jpg\" class=\"attachment-large size-large wp-image-48\" alt=\"\" srcset=\"https:\/\/buerglergertrud.ch\/cms\/wp-content\/uploads\/2024\/08\/28037-image002.jpg 960w, https:\/\/buerglergertrud.ch\/cms\/wp-content\/uploads\/2024\/08\/28037-image002-300x52.jpg 300w, https:\/\/buerglergertrud.ch\/cms\/wp-content\/uploads\/2024\/08\/28037-image002-768x132.jpg 768w\" sizes=\"(max-width: 960px) 100vw, 960px\" \/>\t\t\t\t\t\t\t\t\t\t\t\t\t\t\t<\/div>\n\t\t\t\t<\/div>\n\t\t\t\t<div class=\"elementor-element elementor-element-18e87b2 elementor-widget elementor-widget-spacer\" data-id=\"18e87b2\" data-element_type=\"widget\" data-e-type=\"widget\" data-widget_type=\"spacer.default\">\n\t\t\t\t<div class=\"elementor-widget-container\">\n\t\t\t\t\t\t\t<div class=\"elementor-spacer\">\n\t\t\t<div class=\"elementor-spacer-inner\"><\/div>\n\t\t<\/div>\n\t\t\t\t\t\t<\/div>\n\t\t\t\t<\/div>\n\t\t\t\t\t<\/div>\n\t\t\t\t<\/div>\n\t\t<div class=\"elementor-element elementor-element-1912933 e-flex e-con-boxed e-con e-parent\" data-id=\"1912933\" data-element_type=\"container\" data-e-type=\"container\">\n\t\t\t\t\t<div class=\"e-con-inner\">\n\t\t\t\t<div class=\"elementor-element elementor-element-bb2b784 elementor-widget elementor-widget-heading\" data-id=\"bb2b784\" data-element_type=\"widget\" data-e-type=\"widget\" data-widget_type=\"heading.default\">\n\t\t\t\t<div class=\"elementor-widget-container\">\n\t\t\t\t\t<h2 class=\"elementor-heading-title elementor-size-default\">Infos, \u00fcber mich<\/h2>\t\t\t\t<\/div>\n\t\t\t\t<\/div>\n\t\t\t\t<div class=\"elementor-element elementor-element-a5f54a9 elementor-widget elementor-widget-text-editor\" data-id=\"a5f54a9\" data-element_type=\"widget\" data-e-type=\"widget\" data-widget_type=\"text-editor.default\">\n\t\t\t\t<div class=\"elementor-widget-container\">\n\t\t\t\t\t\t\t\t\t<div>\u00a0<\/div><div>Gertrud B\u00fcrgler, geboren 1952 im Muotatal, verheiratet, lebt und arbeitet in Weggis.<\/div><div>\u00a0<\/div><div><strong>Ausbildung:<\/strong><\/div><div>1996 bis 1998 Grundausbildung an der Gestaltungsschule Farbm\u00fchle in Luzern.<\/div><div>Langj\u00e4hrige Kurse und Weiterbildungen im gestalterischen Bereich.<\/div><div>\u00a0<\/div><div><strong>Arbeits-Philosophie:<\/strong><\/div><div>Ich arbeite stets thematisch und setze mich \u00fcber l\u00e4ngere Zeit tief und beharrlich mit einem Bild-Thema auseinander. Das Thema gibt Halt, setzt Grenzen und verlangt Disziplin. Mein aktuelles Thema heisst: &#171;GRAS IM WIND&#187;. Es ist immer noch, und immer wieder, die Natur, die mich ber\u00fchrt und inspiriert, bewegte Bilder zu malen. Sei es das Rauschen des Windes durch ein reifes Grasfeld oder die Wolkenbilder am Himmel, die mich nach Freiheit greifen lassen. Vielleicht \u00fcberkommt mich die Lust, reifes, duftendes Heu zu malen, oder den Eindruck wild tosenden Wassers festzuhalten, wohlwissend, wie beschr\u00e4nkt meine Mittel sind. Malen bedeutet f\u00fcr mich Leben und Erleben von ungeheurer Intensit\u00e4t.<\/div><div>\u00a0<\/div><div><strong>Technik:<\/strong><\/div><div>Ich arbeite mit diversen Malmitteln, jedoch vorwiegend mit Acrylfarben, Stiften und Kreide auf Leinwand.<\/div>\t\t\t\t\t\t\t\t<\/div>\n\t\t\t\t<\/div>\n\t\t\t\t\t<\/div>\n\t\t\t\t<\/div>\n\t\t\t\t<\/div>\n\t\t","protected":false},"excerpt":{"rendered":"<p>Infos, \u00fcber mich \u00a0Gertrud B\u00fcrgler, geboren 1952 im Muotatal, verheiratet, lebt und arbeitet in Weggis.\u00a0Ausbildung:1996 bis 1998 Grundausbildung an der Gestaltungsschule Farbm\u00fchle in Luzern.Langj\u00e4hrige Kurse und Weiterbildungen im gestalterischen Bereich.\u00a0Arbeits-Philosophie:Ich arbeite stets thematisch und setze mich \u00fcber l\u00e4ngere Zeit tief und beharrlich mit einem Bild-Thema auseinander. Das Thema gibt Halt, setzt Grenzen und verlangt Disziplin.&hellip;&nbsp;<a href=\"https:\/\/buerglergertrud.ch\/cms\/infos\/\" rel=\"bookmark\">Weiterlesen &raquo;<span class=\"screen-reader-text\">Infos<\/span><\/a><\/p>\n","protected":false},"author":1,"featured_media":0,"parent":0,"menu_order":0,"comment_status":"closed","ping_status":"closed","template":"page-templates\/template-pagebuilder-full-width.php","meta":{"neve_meta_sidebar":"","neve_meta_container":"","neve_meta_enable_content_width":"","neve_meta_content_width":0,"neve_meta_title_alignment":"","neve_meta_author_avatar":"","neve_post_elements_order":"","neve_meta_disable_header":"","neve_meta_disable_footer":"","neve_meta_disable_title":"","footnotes":""},"class_list":["post-57","page","type-page","status-publish","hentry"],"_links":{"self":[{"href":"https:\/\/buerglergertrud.ch\/cms\/wp-json\/wp\/v2\/pages\/57","targetHints":{"allow":["GET"]}}],"collection":[{"href":"https:\/\/buerglergertrud.ch\/cms\/wp-json\/wp\/v2\/pages"}],"about":[{"href":"https:\/\/buerglergertrud.ch\/cms\/wp-json\/wp\/v2\/types\/page"}],"author":[{"embeddable":true,"href":"https:\/\/buerglergertrud.ch\/cms\/wp-json\/wp\/v2\/users\/1"}],"replies":[{"embeddable":true,"href":"https:\/\/buerglergertrud.ch\/cms\/wp-json\/wp\/v2\/comments?post=57"}],"version-history":[{"count":4,"href":"https:\/\/buerglergertrud.ch\/cms\/wp-json\/wp\/v2\/pages\/57\/revisions"}],"predecessor-version":[{"id":62,"href":"https:\/\/buerglergertrud.ch\/cms\/wp-json\/wp\/v2\/pages\/57\/revisions\/62"}],"wp:attachment":[{"href":"https:\/\/buerglergertrud.ch\/cms\/wp-json\/wp\/v2\/media?parent=57"}],"curies":[{"name":"wp","href":"https:\/\/api.w.org\/{rel}","templated":true}]}}